{"id":650,"date":"2014-01-29T12:40:03","date_gmt":"2014-01-29T11:40:03","guid":{"rendered":"http:\/\/s512577359.online.de\/?page_id=650"},"modified":"2025-09-09T19:58:05","modified_gmt":"2025-09-09T17:58:05","slug":"weitere-organe","status":"publish","type":"page","link":"https:\/\/www.grundschule-blumensiedlung.de\/?page_id=650","title":{"rendered":"Gremien"},"content":{"rendered":"<div>\n<h1>Wichtige Organe und Gremien<\/h1>\n<\/div>\n<div>\n<p>Eine Schule braucht viele K\u00f6pfe. Auf dieser Seite stellen sich die Organe und Gremien, die die Schulleitung bei ihrer Arbeit unterst\u00fctzen und dadurch f\u00fcr eine stete Weiterentwicklung der Grundschule Blumensiedlung sorgen, kurz vor:<\/p>\n<\/div>\n<div>\n<div class=\"docLayoutMarginTopMore\">\n<h2>1. Die Gesamtkonferenz<\/h2>\n<p><a name=\"P34-A1\"><\/a> In der Gesamtkonferenz wirken die an der Unterrichts- und Erziehungsarbeit der Schule Beteiligten in p\u00e4dagogischen Angelegenheiten zusammen.<\/p>\n<p><a name=\"P34-A2\"><\/a> Die Gesamtkonferenz entscheidet, soweit nicht die Zust\u00e4ndigkeit einer Teilkonferenz oder einer Bildungsgangs- oder Fachgruppe gegeben ist, \u00fcber<\/p>\n<dl>\n<dt>1. das Schulprogramm,<\/dt>\n<dt>2. die Schulordnung,<\/dt>\n<dt>3. die Gesch\u00e4fts- und Wahlordnungen der Konferenzen und Aussch\u00fcsse,<\/dt>\n<dt>4. den Vorschlag der Schule nach \u00a7 44 Abs. 3 sowie<\/dt>\n<dt>5. Grunds\u00e4tze f\u00fcr<\/dt>\n<dd>\n<dl>\n<dt>a) Leistungsbewertung und Beurteilung und<\/dt>\n<dt>b) Klassenarbeiten und Hausaufgaben sowie deren Koordinierung.<\/dt>\n<\/dl>\n<\/dd>\n<\/dl>\n<p><a name=\"P34-A3\"><\/a> Die Schulleiterin oder der Schulleiter unterrichtet die Gesamtkonferenz \u00fcber alle wesentlichen Angelegenheiten der Schule.<\/p>\n<p><strong>Im Schuljahr 2025\/2026 sind folgende Eltern in der Gesamtkonferenz vertreten:&nbsp;<\/strong><\/p>\n<\/div>\n<\/div>\n<div>\n<h2>2. Der Schulvorstand<\/h2>\n<\/div>\n<p>Der Schulvorstand entscheidet \u00fcber die im Hinblick auf die Eigenverantwortlichkeit einberaumten Entscheidungsspielr\u00e4ume, die Haushaltsmittel, die Antr\u00e4ge auf Genehmigung einer besonderen Organisation, Ausgestaltung der Stundentafel, Schulversuche, Schulpartnerschaften, Projektwochen, Werbung und Sponsoring in der Schule, die Selbst\u00fcberpr\u00fcfung der Arbeit der Schule und kann Vorschl\u00e4ge f\u00fcr das Schulprogramm und die Schulordnung machen.<\/p>\n<p><span style=\"font-size: inherit;\">Der Schulvorstand tagt je nach Bedarf der anstehenden Beratungen und Entscheidungen, das bedeutet es gibt etwa 1-2 Sitzungen je Halbjahr. Vorsitzende(r) des Schulvorstandes ist der Schulleiter\/die Schulleiterin.<\/span><\/p>\n<div>\n<p align=\"left\"><strong>F\u00fcr das Schuljahr 2025\/2026 wurden folgende Mitglieder in den Schulvorstand gew\u00e4hlt:<\/strong><\/p>\n<p align=\"left\"><strong>Elternvertreter: <\/strong>Herr Pietruschka und Frau Zweers<\/p>\n<p align=\"left\"><strong>Lehrervertreter: <\/strong>Frau Stockhorst (Vorsitz), Frau Bremmer, Frau Kalteis, Frau Petrick<\/p>\n<p align=\"left\">&nbsp;<\/p>\n<\/div>\n<div>\n<h2>3. Elternvertreter der Klassen bzw. der Schule<\/h2>\n<\/div>\n<div>\n<p>Zu den Aufgaben der Elternvertretung geh\u00f6ren unter anderem:<\/p>\n<ul>\n<li>die Interessen der Elternschaft zu wahren,<\/li>\n<li>W\u00fcnsche und Vorschl\u00e4ge der Eltern zu b\u00fcndeln und diese an die Schulleitung weiterzugeben.<\/li>\n<li>an den Beratungen der Schulkonferenz teilzunehmen.<\/li>\n<\/ul>\n<p><strong>Klassenelternvertreter und Schulelternratsmitglieder (alle vorsitzenden Elternvertreter) sind im Schuljahr 2025\/2026:<\/strong><\/p>\n<p><strong>Klasse 1a:<\/strong>&nbsp;<\/p>\n<p><strong>Klasse 1b:<\/strong>&nbsp;<\/p>\n<p><strong>Klasse 1c<\/strong><\/p>\n<p><strong>Klasse 2a:<\/strong> Herr kleine L\u00f6gte (Vorsitzender), Frau Vrielmann (Stellvertreter)<\/p>\n<p><strong>Klasse 2b:<\/strong> Frau Moritz (V.), Frau Pietruschka (StV.)<\/p>\n<p><strong>Klasse 2c: <\/strong>Frau Rigterink (V.), Frau Lipkau (StV.)<\/p>\n<p><strong>Klasse 2d: <\/strong>Herr Brengen (V.), Herr Kemper (StV.)<\/p>\n<p><strong>Klasse 3a:<\/strong> Frau Meixner (V.), Frau W\u00fcnstel (StV.)<\/p>\n<p><strong>Klasse 3b:<\/strong> Frau Muke (V.)<\/p>\n<p><strong>Klasse 3c: <\/strong>Frau Czichowski (V.), Frau Klinner (StV.)<\/p>\n<p><span style=\"font-size: inherit;\"><strong>Klasse 4a:<\/strong> Frau Lipkau (V.), Frau Wilkens (StV.)<\/span><\/p>\n<p><strong>Klasse 4b:<\/strong> Frau Alferink (V.), Frau Dobben (StV.)<\/p>\n<p><strong>Klasse 4c:<\/strong> Herr Jentges (V.), Frau L\u00fcgtenaar (StV.)<\/p>\n<p>&nbsp;<\/p>\n<ul>\n<li><strong>Der Schulelternrat<\/strong> setzt sich aus den Vorsitzenden aller Klassenelternschaften zusammen.<\/li>\n<li><strong>1. Schulelternratsvorsitzender ist Herr Pietruschka,&nbsp;<\/strong><strong> 2. Schulelternratsvorsitzende ist Frau Zweers.<br \/>\n<\/strong><\/li>\n<li><strong>Mitglieder des Stadtelternrates sind Herr Pietruschka und Frau Zweers.<\/strong><\/li>\n<\/ul>\n<p>&nbsp;<\/p>\n<\/div>\n<h2>4. Vertreter der Fachkonferenzen<\/h2>\n<p><strong>Mathematik:<\/strong> Frau M\u00fcller, Frau Bodemann<\/p>\n<p><strong>Deutsch:<\/strong> Frau Kotting, Frau Petrick<\/p>\n<p><strong>Sachunterricht:<\/strong> Frau Athai, Frau Mielke<\/p>\n<p><strong style=\"font-size: inherit;\">Religion:<\/strong><span style=\"font-size: inherit;\"> Frau B\u00f6kers<\/span><\/p>\n<p><strong>Musik:<\/strong> Frau Rieger<\/p>\n<p><strong>Sport:<\/strong> Frau Kortmann<\/p>\n<p><strong>Textiles Gestalten: <\/strong>Frau Petrick<\/p>\n<p><strong>Werken:<\/strong> Frau Johannink<\/p>\n<p><strong>Kunst:<\/strong> Frau M\u00fcller, Frau Bodemann<\/p>\n<p><strong>Englisch:<\/strong> Frau Krau\u00df<\/p>\n<p><strong>Niederl\u00e4ndisch:<\/strong> Frau Scheper<\/p>\n<p>&nbsp;<\/p>\n<div>&nbsp;<\/div>\n<div>\n<div>&nbsp;<\/div>\n<\/div>\n","protected":false},"excerpt":{"rendered":"<p>Wichtige Organe und Gremien Eine Schule braucht viele K\u00f6pfe. Auf dieser Seite stellen sich die Organe und Gremien, die die Schulleitung bei ihrer Arbeit unterst\u00fctzen und dadurch f\u00fcr eine stete&hellip; <a href=\"https:\/\/www.grundschule-blumensiedlung.de\/?page_id=650\" class=\"read-more\" title=\"Gremien\"><span>Weiterlesen <span class=\"screen-reader-text sr-only\">Gremien<\/span> <span class=\"meta-nav\">&rarr;<\/span><\/span><\/a><\/p>\n","protected":false},"author":32,"featured_media":0,"parent":243,"menu_order":0,"comment_status":"closed","ping_status":"closed","template":"","meta":{"ngg_post_thumbnail":0,"footnotes":""},"class_list":["post-650","page","type-page","status-publish","hentry"],"_links":{"self":[{"href":"https:\/\/www.grundschule-blumensiedlung.de\/index.php?rest_route=\/wp\/v2\/pages\/650","targetHints":{"allow":["GET"]}}],"collection":[{"href":"https:\/\/www.grundschule-blumensiedlung.de\/index.php?rest_route=\/wp\/v2\/pages"}],"about":[{"href":"https:\/\/www.grundschule-blumensiedlung.de\/index.php?rest_route=\/wp\/v2\/types\/page"}],"author":[{"embeddable":true,"href":"https:\/\/www.grundschule-blumensiedlung.de\/index.php?rest_route=\/wp\/v2\/users\/32"}],"replies":[{"embeddable":true,"href":"https:\/\/www.grundschule-blumensiedlung.de\/index.php?rest_route=%2Fwp%2Fv2%2Fcomments&post=650"}],"version-history":[{"count":56,"href":"https:\/\/www.grundschule-blumensiedlung.de\/index.php?rest_route=\/wp\/v2\/pages\/650\/revisions"}],"predecessor-version":[{"id":6984220,"href":"https:\/\/www.grundschule-blumensiedlung.de\/index.php?rest_route=\/wp\/v2\/pages\/650\/revisions\/6984220"}],"up":[{"embeddable":true,"href":"https:\/\/www.grundschule-blumensiedlung.de\/index.php?rest_route=\/wp\/v2\/pages\/243"}],"wp:attachment":[{"href":"https:\/\/www.grundschule-blumensiedlung.de\/index.php?rest_route=%2Fwp%2Fv2%2Fmedia&parent=650"}],"curies":[{"name":"wp","href":"https:\/\/api.w.org\/{rel}","templated":true}]}}