{"id":663,"date":"2014-01-29T12:44:33","date_gmt":"2014-01-29T11:44:33","guid":{"rendered":"http:\/\/s512577359.online.de\/?page_id=663"},"modified":"2020-03-19T14:51:49","modified_gmt":"2020-03-19T13:51:49","slug":"niederlaendisch","status":"publish","type":"page","link":"https:\/\/www.grundschule-blumensiedlung.de\/?page_id=663","title":{"rendered":"Niederl\u00e4ndisch"},"content":{"rendered":"<div>\n<h1>Niederl\u00e4ndisch von Anfang an<\/h1>\n<\/div>\n<div>\n<p>Die Grundschule Blumensiedlung hat inzwischen eine lange\u00a0&#8222;Niederl\u00e4ndisch-Tradition&#8220;. Seit 1993 besteht eine Partnerschaft zu der Willibrord-School in Noord Deurningen, die nur 4 km von unsererSchule entfernt liegt.<\/p>\n<p>Seit 1994\u00a0konnten Sch\u00fclerinnen und Sch\u00fcler der dritten und vierten Klassen sich jeweils f\u00fcr ein halbes Schuljahr zu einer\u00a0Niederl\u00e4ndisch-AG anmelden, in der sie erste Eindr\u00fccke von Sprache und Land gewannen.<\/p>\n<p>Seit 2007 bietet die Schule mit Hilfe der Nederlandse Taalunie schon ihren Erstkl\u00e4sslern an, Niederl\u00e4ndisch zu lernen. Den Unterricht erteilt eine Muttersprachlerin: Frau Elly Notkamp &#8211; zweimal pro Woche jeweils f\u00fcr eine halbe Stunde.<\/p>\n<p>Im zweiten Schuljahr erhalten die Sch\u00fclerinnen und Sch\u00fcler die M\u00f6glichkeit, zweimal eine ganze Stunde Niederl\u00e4ndisch zu lernen &#8211; wiederum mit Frau Notkamp.<\/p>\n<p>Nachdem Herr Heiner Hombrink und Frau Dorothee Schwickert sich als Niederl\u00e4ndischlehrer qualifiziert haben, wird in\u00a0den dritten Klassen der Sport- und der Musikunterricht wahlweise auf Deutsch oder auf Niederl\u00e4ndisch erteilt (seit 2011 &#8211; vier Stunden pro Woche). Frau Elly Notkamp unterst\u00fctzt jeweils den niederl\u00e4ndischen Unterricht.<\/p>\n<p>Im vierten Jahrgang konnten die Sch\u00fclerinnen und Sch\u00fcler ihre Niederl\u00e4ndischkenntnisse schlie\u00dflich in einer AG anwenden, die von\u00a0 Frau Kira Scheper geleitet wurde. Zur Zeit finden AGs nur noch im Ganztagsbereich statt. Leider kann in diesem Schuljahr keine Niederl\u00e4ndisch-AG angeboten werden.<\/p>\n<p>Die ersten Klassen nehmen an einem M\u00e4rchenprojekt der Berufsbildenden Schulen teil, das diese mit Schulen verschiedener europ\u00e4ischer L\u00e4nder durchf\u00fchren (Comenius).<\/p>\n<p>Am 14. Juli 2014 wird der Grundschule Blumensiedlung das Siegel &#8222;Europaschule in Niedersachsen&#8220; verliehen.<\/p>\n<p>Im Fr\u00fchjahr 2015 verl\u00e4ngert die Nederlandse Taalunie nochmals die Finanzierung der Niederl\u00e4ndischangebote an unserer Schule f\u00fcr ein weiteres Schuljahr. Daf\u00fcr sind wir sehr dankbar!<\/p>\n<p>Die neue Niederl\u00e4ndischbeauftragte des Landes Niedersachsen, Elsine Wortelen, unterst\u00fctzt unsere Schule darin, eine Finanzierung der zus\u00e4tzlichen Angebote \u00fcber das Schuljahr 2015\/16 hinaus zu finden.<\/p>\n<p>Im Sommerhalbjahr 2015 nehmen die beiden dritten Klassen an einem Versuch der niederl\u00e4ndischen Stenden Hogeschool zur Lehrerausbildung teil. An vier Tagen kommen Studenten aus dem niederl\u00e4ndischen Emmen und unterrichten deutsche Kinder in niederl\u00e4ndischer Sprache zu Themen aus dem Bereich &#8222;Kosmos&#8220;. Als H\u00f6hepunkt d\u00fcrfen alle Drittkl\u00e4ssler am 2.7.2015 an einem aufwendigen Science-Event in der Hochschule in Emmen teilnehmen.<\/p>\n<p>Seit Januar 2017 nimmt die Grundschule Blumensiedlung an einem Interreg V &#8211; Projekt der Europ\u00e4ischen Union\u00a0 &#8222;Sprich deine Nachbarsprache &#8211; Spreek je buurtaal&#8220; teil. Ziel ist der Erhalt und Ausbau der Niederl\u00e4ndischangebote an unserer Schule. Am Ende der vierj\u00e4hrigen Laufzeit des Projektes k\u00f6nnte eine Zertifizierung als &#8222;Euregioschule&#8220; stehen.<\/p>\n<\/div>\n","protected":false},"excerpt":{"rendered":"<p>Niederl\u00e4ndisch von Anfang an Die Grundschule Blumensiedlung hat inzwischen eine lange\u00a0&#8222;Niederl\u00e4ndisch-Tradition&#8220;. Seit 1993 besteht eine Partnerschaft zu der Willibrord-School in Noord Deurningen, die nur 4 km von unsererSchule entfernt liegt.&hellip; <a href=\"https:\/\/www.grundschule-blumensiedlung.de\/?page_id=663\" class=\"read-more\" title=\"Niederl\u00e4ndisch\"><span>Weiterlesen <span class=\"screen-reader-text sr-only\">Niederl\u00e4ndisch<\/span> <span class=\"meta-nav\">&rarr;<\/span><\/span><\/a><\/p>\n","protected":false},"author":32,"featured_media":0,"parent":654,"menu_order":0,"comment_status":"closed","ping_status":"closed","template":"","meta":{"ngg_post_thumbnail":0,"footnotes":""},"class_list":["post-663","page","type-page","status-publish","hentry"],"_links":{"self":[{"href":"https:\/\/www.grundschule-blumensiedlung.de\/index.php?rest_route=\/wp\/v2\/pages\/663","targetHints":{"allow":["GET"]}}],"collection":[{"href":"https:\/\/www.grundschule-blumensiedlung.de\/index.php?rest_route=\/wp\/v2\/pages"}],"about":[{"href":"https:\/\/www.grundschule-blumensiedlung.de\/index.php?rest_route=\/wp\/v2\/types\/page"}],"author":[{"embeddable":true,"href":"https:\/\/www.grundschule-blumensiedlung.de\/index.php?rest_route=\/wp\/v2\/users\/32"}],"replies":[{"embeddable":true,"href":"https:\/\/www.grundschule-blumensiedlung.de\/index.php?rest_route=%2Fwp%2Fv2%2Fcomments&post=663"}],"version-history":[{"count":12,"href":"https:\/\/www.grundschule-blumensiedlung.de\/index.php?rest_route=\/wp\/v2\/pages\/663\/revisions"}],"predecessor-version":[{"id":6979475,"href":"https:\/\/www.grundschule-blumensiedlung.de\/index.php?rest_route=\/wp\/v2\/pages\/663\/revisions\/6979475"}],"up":[{"embeddable":true,"href":"https:\/\/www.grundschule-blumensiedlung.de\/index.php?rest_route=\/wp\/v2\/pages\/654"}],"wp:attachment":[{"href":"https:\/\/www.grundschule-blumensiedlung.de\/index.php?rest_route=%2Fwp%2Fv2%2Fmedia&parent=663"}],"curies":[{"name":"wp","href":"https:\/\/api.w.org\/{rel}","templated":true}]}}