{"id":6979188,"date":"2020-03-19T15:39:15","date_gmt":"2020-03-19T14:39:15","guid":{"rendered":"http:\/\/www.grundschule-blumensiedlung.de\/?page_id=6979188"},"modified":"2025-06-10T06:22:23","modified_gmt":"2025-06-10T04:22:23","slug":"sportfreundliche-schule","status":"publish","type":"page","link":"https:\/\/www.grundschule-blumensiedlung.de\/?page_id=6979188","title":{"rendered":"&#8222;Sportfreundliche Schule&#8220;"},"content":{"rendered":"\n<figure class=\"wp-block-image is-resized\"><a href=\"http:\/\/www.grundschule-blumensiedlung.de\/wp-content\/uploads\/2018\/04\/image004.jpg\"><img loading=\"lazy\" decoding=\"async\" src=\"http:\/\/www.grundschule-blumensiedlung.de\/wp-content\/uploads\/2018\/04\/image004.jpg\" alt=\"image004\" class=\"wp-image-5022575\" width=\"117\" height=\"135\"\/><\/a><\/figure>\n\n\n\n<p>Mit der Landesauszeichnung \u201eSportfreundliche Schule\u201c sollen Schulen motiviert werden, Sport und Fitness in ihr Schulprogramm aufzunehmen und mit vielf\u00e4ltigen Bewegungsangeboten und gesunder Ern\u00e4hrung die Entwicklung von Kindern und Jugendlichen zu f\u00f6rdern. Ferner m\u00f6chten das Nieders\u00e4chsische Kultusministerium und der Landessportbund Niedersachsen f\u00fcr ein sportfreundliches Klima an den Schulen werben und die Arbeit der Schulleitung, der Lehrkr\u00e4fte sowie aller Personen w\u00fcrdigen, die sich in einer Schule f\u00fcr Sportlichkeit und Fitness der Kinder und Jugendlichen einsetzen.<\/p>\n\n\n\n<p>Unsere Schule wurde <strong>im M\u00e4rz 2025 bereits zum 3.  Mal als &#8222;Sportfreundliche Schule&#8220; ausgezeichnet<\/strong>. Folgende Kriterien waren f\u00fcr die Landesauszeichnung entscheidend:<\/p>\n\n\n\n<ul class=\"wp-block-list\"><li><strong>Umsetzung des Kerncurriculums Sport im schuleigenen Arbeitsplan <\/strong><\/li><li><strong>intensive Zusammenarbeit zwischen Schule, Sportverein und Sportverband <\/strong>(u. a. Karateverein Nordhorn e. V., Kreissportbund, WWU M\u00fcnster, Tanzschule Jobmann) &#8211;> Teilnahme an Motorik- und Fitnessstudie &#8222;Dragos Dschungelabenteuer&#8220; in Kooperation mit der WWU M\u00fcnster und dem Kreissportbund der Grafschaft Bentheim <\/li><li><strong>Talentsichtung und -f\u00f6rderung<\/strong> im Rahmen des Sportunterrichts,\u00a0der Drago`s Motorikstudie, bei Schulsportwettbewerben und Sport-AGs <\/li><li><strong>regelm\u00e4\u00dfige Teilnahme an Schulwettk\u00e4mpfen<\/strong> (u. a.  Fu\u00dfballturnier, Handballturnier, Grundschulsportfest Leichtathletik, Nordhorner Meile, \u00a0Grundschulwettbewerb &#8222;Niedersachsen schwimmt&#8220;).<\/li><li><strong>zus\u00e4tzliches Angebot verschiedener Sportaktionstage<\/strong> (u. a. Rope Skipping &#8211; Basicworkshop, Kinderfu\u00dfballtag, Handballaktionstag, Sport-, Lauf- und Schwimmabzeichenabnahme, Aktionstag &#8222;Jugend trainiert&#8220;, &#8222;Dragos Dschungelabenteuer&#8220;)<\/li><li><strong>vielf\u00e4ltige Angebote von Sportarbeitsgemeinschaften<\/strong> (u.a. Fu\u00dfball-AG, Handball-AG, Karate-AG, Tanz-AG, Ballspiele-AG, Yoga-AG)<\/li><li><strong>Durchf\u00fchrung des Schwimmunterrichts gem\u00e4\u00df den Vorgaben<\/strong> &#8211;> seit 2022 vom Beginn des 2. Hj. in Klasse 3 bis zum Ende des 1. Hj. Klasse  &#8211;> durch den ununterbrochenen, einj\u00e4hrigen Schwimmunterricht k\u00f6nnen wir mehr Kindern zur Schwimmf\u00e4higkeit verhelfen<\/li><li><strong>Erteilung des Sportunterrichts gem\u00e4\u00df der vorgesehenen Stundentafel <\/strong><\/li><li><strong>zahlreiche Bewegungsm\u00f6glichkeiten auf dem Schulhof<\/strong> (gro\u00dfe Spielwiese mit Fu\u00dfballtoren hinter der Turnhalle, Spieleturm mit Rutsche, Nestschaukel, Turnreck, Balancierpfad, gro\u00dfes Kletterger\u00fcst, Spielger\u00e4teausleihe mit zahlreichen, unterschiedlichen Kleinger\u00e4ten, u.v.m.).<\/li><li><strong>regelm\u00e4\u00dfige Teilnahme der Lehrkr\u00e4fte und p\u00e4dagogischen Mitarbeiter an Fortbildungsma\u00dfnahmen im Sport<\/strong><\/li><li><strong>Auseinandersetzung mit dem Thema Ern\u00e4hrung, Sport und Gesundheit im Unterricht und in Projekten <\/strong>(tatkr\u00e4ftige Unterst\u00fctzung von Sch\u00fclerInnen der Berufsbildenden Schulen in Nordhorn, durch AG zum Thema &#8222;Gesunde Ern\u00e4hrung\/Kochen&#8220;, zudem kontinuierliche Kooperation mit dem Gesundheitsamt)<\/li><li><strong>Unterst\u00fctzung eines gesunden Verpflegungs- und Getr\u00e4nkeangebotes<\/strong> durch eine monatliche Obst- und Gem\u00fcsepause an (in Kooperation mit Rewe); zudem steht ein Wasserspender vor der Mensa zur Verf\u00fcgung<\/li><li><strong>Pflegen einer Anerkennungskultur f\u00fcr Leistung und Engagement im Sportbereich<\/strong> durch regelm\u00e4\u00dfige Urkundenverleihungen auf dem Schulhof und in der Turnhalle sowie W\u00fcrdigungen auf der Homepage <\/li><li><strong>Einbindung der Sch\u00fclerinnen und Sch\u00fcler in das Konzept &#8222;Sportfreundliche Schule<\/strong>&#8220; durch aktive Beteiligung an der Spielger\u00e4teausleihe sowie Planung der Bewegungspausen und Schulhofgestaltung<\/li><li><strong>&#8222;Bewegte, gesunde Schule&#8220; als inhaltlicher Schwerpunkt der Schule:<\/strong> regelm\u00e4\u00dfige Teilnahme des Kollegiums an Fortbildungsma\u00dfnahmen der &#8222;Bewegten Schule&#8220;, um das Thema Bewegung und Gesundheit st\u00e4rker in den Fokus zu nehmen &#8211; sowohl unterrichtlich als auch au\u00dferunterrichtlich<\/li><\/ul>\n\n\n\n<p>Schaut euch bzw. schauen Sie sich die gesundheitsf\u00f6rdernden Ma\u00dfnahmen an unserer Schule in der folgenden Fotoshow an: <\/p>\n\n\n\nngg_shortcode_0_placeholder\n","protected":false},"excerpt":{"rendered":"<p>Mit der Landesauszeichnung \u201eSportfreundliche Schule\u201c sollen Schulen motiviert werden, Sport und Fitness in ihr Schulprogramm aufzunehmen und mit vielf\u00e4ltigen Bewegungsangeboten und gesunder Ern\u00e4hrung die Entwicklung von Kindern und Jugendlichen zu&hellip; <a href=\"https:\/\/www.grundschule-blumensiedlung.de\/?page_id=6979188\" class=\"read-more\" title=\"&#8222;Sportfreundliche Schule&#8220;\"><span>Weiterlesen <span class=\"screen-reader-text sr-only\">&#8222;Sportfreundliche Schule&#8220;<\/span> <span class=\"meta-nav\">&rarr;<\/span><\/span><\/a><\/p>\n","protected":false},"author":43,"featured_media":6981270,"parent":0,"menu_order":0,"comment_status":"closed","ping_status":"closed","template":"","meta":{"ngg_post_thumbnail":0,"footnotes":""},"class_list":["post-6979188","page","type-page","status-publish","has-post-thumbnail","hentry"],"_links":{"self":[{"href":"https:\/\/www.grundschule-blumensiedlung.de\/index.php?rest_route=\/wp\/v2\/pages\/6979188","targetHints":{"allow":["GET"]}}],"collection":[{"href":"https:\/\/www.grundschule-blumensiedlung.de\/index.php?rest_route=\/wp\/v2\/pages"}],"about":[{"href":"https:\/\/www.grundschule-blumensiedlung.de\/index.php?rest_route=\/wp\/v2\/types\/page"}],"author":[{"embeddable":true,"href":"https:\/\/www.grundschule-blumensiedlung.de\/index.php?rest_route=\/wp\/v2\/users\/43"}],"replies":[{"embeddable":true,"href":"https:\/\/www.grundschule-blumensiedlung.de\/index.php?rest_route=%2Fwp%2Fv2%2Fcomments&post=6979188"}],"version-history":[{"count":32,"href":"https:\/\/www.grundschule-blumensiedlung.de\/index.php?rest_route=\/wp\/v2\/pages\/6979188\/revisions"}],"predecessor-version":[{"id":6984003,"href":"https:\/\/www.grundschule-blumensiedlung.de\/index.php?rest_route=\/wp\/v2\/pages\/6979188\/revisions\/6984003"}],"wp:featuredmedia":[{"embeddable":true,"href":"https:\/\/www.grundschule-blumensiedlung.de\/index.php?rest_route=\/wp\/v2\/media\/6981270"}],"wp:attachment":[{"href":"https:\/\/www.grundschule-blumensiedlung.de\/index.php?rest_route=%2Fwp%2Fv2%2Fmedia&parent=6979188"}],"curies":[{"name":"wp","href":"https:\/\/api.w.org\/{rel}","templated":true}]}}