{"id":6979777,"date":"2020-04-20T16:20:00","date_gmt":"2020-04-20T14:20:00","guid":{"rendered":"http:\/\/www.grundschule-blumensiedlung.de\/?page_id=6979777"},"modified":"2026-02-16T21:20:59","modified_gmt":"2026-02-16T20:20:59","slug":"iserv","status":"publish","type":"page","link":"https:\/\/www.grundschule-blumensiedlung.de\/?page_id=6979777","title":{"rendered":"IServ"},"content":{"rendered":"\r\n<p>Liebe Eltern, hier gelangen Sie zur<\/p>\r\n\r\n<p><a href=\"https:\/\/gs-blumensiedlung.schulserver.de\/iserv\/login\">IServ-Anmeldung<\/a><\/p>\r\n<p>Bitte geben Sie danach Ihre Zugangsdaten ein.<\/p>\r\n<p><strong>Bedenken Sie bitte, dass wir zum Schuljahr 2025\/26 auf &#8222;Elternaccounts&#8220; umgestellt haben. <\/strong>Nach einer ersten Registrierung (Sie haben die notwendigen Papiere \u00fcber die Postmappe Ihres Kindes erhalten), bestehen Ihre <strong>Zugangsdaten<\/strong> f\u00fcr den Elternaccount aus <strong>Ihrer pers\u00f6nlichen Email-Adresse<\/strong> und einem <strong>selbstgew\u00e4hlten Passwort<\/strong>.&nbsp;<\/p>\r\n<p>Da IServ das Hauptkommunikationsmittel unserer Schule ist, m\u00f6chten wir Sie bitten, hier t\u00e4glich nachzusehen, ob es etwas Neues gibt. Au\u00dferdem bitten wir Sie, Ihr Kind unter &#8222;Abwesenheiten&#8220; im Krankheitsfall abzumelden.<\/p>\r\n\r\n<p>Sollten Sie Probleme mit IServ haben, melden Sie sich bitte bei Frau Sch\u00fc\u00dfler unter &#8222;jasmin.schuessler@gs-blumensiedlung.de&#8220;, um einen Termin zu vereinbaren.&nbsp;<\/p>\r\n<p>&nbsp;<\/p>\r\n\r\n\r\n\r\n<p>&nbsp;<\/p>\r\n","protected":false},"excerpt":{"rendered":"<p>Liebe Eltern, hier gelangen Sie zur IServ-Anmeldung Bitte geben Sie danach Ihre Zugangsdaten ein. Bedenken Sie bitte, dass wir zum Schuljahr 2025\/26 auf &#8222;Elternaccounts&#8220; umgestellt haben. Nach einer ersten Registrierung&hellip; <a href=\"https:\/\/www.grundschule-blumensiedlung.de\/?page_id=6979777\" class=\"read-more\" title=\"IServ\"><span>Weiterlesen <span class=\"screen-reader-text sr-only\">IServ<\/span> <span class=\"meta-nav\">&rarr;<\/span><\/span><\/a><\/p>\n","protected":false},"author":43,"featured_media":0,"parent":0,"menu_order":0,"comment_status":"closed","ping_status":"closed","template":"","meta":{"ngg_post_thumbnail":0,"footnotes":""},"class_list":["post-6979777","page","type-page","status-publish","hentry"],"_links":{"self":[{"href":"https:\/\/www.grundschule-blumensiedlung.de\/index.php?rest_route=\/wp\/v2\/pages\/6979777","targetHints":{"allow":["GET"]}}],"collection":[{"href":"https:\/\/www.grundschule-blumensiedlung.de\/index.php?rest_route=\/wp\/v2\/pages"}],"about":[{"href":"https:\/\/www.grundschule-blumensiedlung.de\/index.php?rest_route=\/wp\/v2\/types\/page"}],"author":[{"embeddable":true,"href":"https:\/\/www.grundschule-blumensiedlung.de\/index.php?rest_route=\/wp\/v2\/users\/43"}],"replies":[{"embeddable":true,"href":"https:\/\/www.grundschule-blumensiedlung.de\/index.php?rest_route=%2Fwp%2Fv2%2Fcomments&post=6979777"}],"version-history":[{"count":17,"href":"https:\/\/www.grundschule-blumensiedlung.de\/index.php?rest_route=\/wp\/v2\/pages\/6979777\/revisions"}],"predecessor-version":[{"id":6984562,"href":"https:\/\/www.grundschule-blumensiedlung.de\/index.php?rest_route=\/wp\/v2\/pages\/6979777\/revisions\/6984562"}],"wp:attachment":[{"href":"https:\/\/www.grundschule-blumensiedlung.de\/index.php?rest_route=%2Fwp%2Fv2%2Fmedia&parent=6979777"}],"curies":[{"name":"wp","href":"https:\/\/api.w.org\/{rel}","templated":true}]}}